{"id":96,"date":"2017-01-28T10:21:13","date_gmt":"2017-01-28T09:21:13","guid":{"rendered":"http:\/\/hk47.aba-sd.info\/?page_id=96"},"modified":"2020-06-12T14:40:00","modified_gmt":"2020-06-12T12:40:00","slug":"bienvenue","status":"publish","type":"page","link":"https:\/\/aba-sd.info\/","title":{"rendered":"Bienvenue"},"content":{"rendered":"<blockquote>\n<p>Bienvenue sur ce site d\u00e9di\u00e9 \u00e0 la pr\u00e9sentation des principes de l\u2019<strong>ABA<\/strong>\u00a0(analyse appliqu\u00e9e du comportement) et \u00e0 ses applications, notamment aupr\u00e8s <strong>des personnes avec autisme<\/strong>.<\/p>\n<p>Sur ce site, vous trouverez des informations sur les principes de l\u2019ABA (\u00e9thique,\u00a0concepts de base,\u00a0renforcement, pairing,\u00a0g\u00e9n\u00e9ralisation,\u00a0approche du langage), diff\u00e9rentes applications de l\u2019ABA, pour la plupart en lien avec l\u2019autisme (ex :\u00a0augmentation de la communication,\u00a0r\u00e9duction des comportements probl\u00e8mes,\u00a0approche VB\u00a0etc.), des informations sur les\u00a0certifications BCBA, BCaBA, RBT, des liens pour des formations en ligne ou des ouvrages recommand\u00e9s.<\/p>\n<p>Dans la partie <strong><a href=\"http:\/\/aba-sd.info\/?cat=29\">t\u00e9l\u00e9chargements<\/a><\/strong>, beaucoup de documents, supports de formation, articles, alors prenez tout ce qui peut vous \u00eatre utile !<\/p>\n<\/blockquote>\n<p>\u00a0<\/p>\n<p style=\"text-align: center;\">**************<\/p>\n<p style=\"text-align: center;\">Bonne lecture. Olivier Bourgueil, psychologue sp\u00e9cialis\u00e9 en ABA, BCBA.<\/p>\n\n\n<p class=\"has-text-color has-vivid-red-color\"><strong>Grande nouvelle !<\/strong><\/p>\n\n\n\n<ul><li>L&rsquo;Organisation Nationale des Professions de l&rsquo;Analyse du Comportement &#8211; ONPAC &#8211; a vu le jour ! <\/li><li>Toutes les informations sont ici :<ul><li><a href=\"https:\/\/www.onpac.fr\/\">Site web de l&rsquo;ONPAC<\/a><\/li><li><a href=\"https:\/\/www.facebook.com\/onpacfr\">Page Facebook<\/a><\/li><\/ul><\/li><\/ul>\n","protected":false},"excerpt":{"rendered":"<p>Bienvenue sur ce site d\u00e9di\u00e9 \u00e0 la pr\u00e9sentation des principes de l\u2019ABA\u00a0(analyse appliqu\u00e9e du comportement) et \u00e0 ses applications, notamment aupr\u00e8s des personnes avec autisme. Sur ce site, vous trouverez des informations sur les principes de l\u2019ABA (\u00e9thique,\u00a0concepts de base,\u00a0renforcement, pairing,\u00a0g\u00e9n\u00e9ralisation,\u00a0approche du langage), diff\u00e9rentes applications de l\u2019ABA, pour la plupart en lien avec l\u2019autisme (ex [&hellip;]<\/p>\n","protected":false},"author":1,"featured_media":0,"parent":0,"menu_order":0,"comment_status":"closed","ping_status":"closed","template":"","meta":[],"_links":{"self":[{"href":"https:\/\/aba-sd.info\/index.php?rest_route=\/wp\/v2\/pages\/96"}],"collection":[{"href":"https:\/\/aba-sd.info\/index.php?rest_route=\/wp\/v2\/pages"}],"about":[{"href":"https:\/\/aba-sd.info\/index.php?rest_route=\/wp\/v2\/types\/page"}],"author":[{"embeddable":true,"href":"https:\/\/aba-sd.info\/index.php?rest_route=\/wp\/v2\/users\/1"}],"replies":[{"embeddable":true,"href":"https:\/\/aba-sd.info\/index.php?rest_route=%2Fwp%2Fv2%2Fcomments&post=96"}],"version-history":[{"count":19,"href":"https:\/\/aba-sd.info\/index.php?rest_route=\/wp\/v2\/pages\/96\/revisions"}],"predecessor-version":[{"id":457,"href":"https:\/\/aba-sd.info\/index.php?rest_route=\/wp\/v2\/pages\/96\/revisions\/457"}],"wp:attachment":[{"href":"https:\/\/aba-sd.info\/index.php?rest_route=%2Fwp%2Fv2%2Fmedia&parent=96"}],"curies":[{"name":"wp","href":"https:\/\/api.w.org\/{rel}","templated":true}]}}